{"id":10,"date":"2021-11-25T15:37:11","date_gmt":"2021-11-25T15:37:11","guid":{"rendered":"https:\/\/kits.themecy.com\/learn\/?page_id=9"},"modified":"2025-09-06T09:19:56","modified_gmt":"2025-09-06T09:19:56","slug":"contact","status":"publish","type":"page","link":"http:\/\/sophia-alegria.com\/en\/contact\/","title":{"rendered":"contact"},"content":{"rendered":"<style>.kb-row-layout-id10_9edfde-a0 > .kt-row-column-wrap{align-content:center;}:where(.kb-row-layout-id10_9edfde-a0 > .kt-row-column-wrap) > .wp-block-kadence-column{justify-content:center;}.kb-row-layout-id10_9edfde-a0 > .kt-row-column-wrap{column-gap:80px;row-gap:var(--global-kb-gap-md, 2rem);max-width:var( --global-content-width, 1290px );padding-left:var(--global-content-edge-padding);padding-right:var(--global-content-edge-padding);padding-top:80px;padding-bottom:80px;grid-template-columns:minmax(0, calc(50% - ((80px * 1 )\/2)))minmax(0, calc(50% - ((80px * 1 )\/2)));}.kb-row-layout-id10_9edfde-a0 > .kt-row-layout-overlay{opacity:0.30;}@media all and (max-width: 1024px){.kb-row-layout-id10_9edfde-a0 > .kt-row-column-wrap{grid-template-columns:minmax(0, 1fr);}}@media all and (max-width: 767px){.kb-row-layout-id10_9edfde-a0 > .kt-row-column-wrap{grid-template-columns:minmax(0, 1fr);}}<\/style><div class=\"kb-row-layout-wrap kb-row-layout-id10_9edfde-a0 alignnone wp-block-kadence-rowlayout\"><div class=\"kt-row-column-wrap kt-has-2-columns kt-row-layout-equal kt-tab-layout-row kt-mobile-layout-row kt-row-valign-middle kb-theme-content-width\">\n<style>.kadence-column10_9632d2-03 > .kt-inside-inner-col,.kadence-column10_9632d2-03 > .kt-inside-inner-col:before{border-top-left-radius:0px;border-top-right-radius:0px;border-bottom-right-radius:0px;border-bottom-left-radius:0px;}.kadence-column10_9632d2-03 > .kt-inside-inner-col{column-gap:var(--global-kb-gap-sm, 1rem);}.kadence-column10_9632d2-03 > .kt-inside-inner-col{flex-direction:column;}.kadence-column10_9632d2-03 > .kt-inside-inner-col > .aligncenter{width:100%;}.kadence-column10_9632d2-03 > .kt-inside-inner-col:before{opacity:0.3;}.kadence-column10_9632d2-03{position:relative;}@media all and (max-width: 1024px){.kadence-column10_9632d2-03 > .kt-inside-inner-col{flex-direction:column;}}@media all and (max-width: 767px){.kadence-column10_9632d2-03 > .kt-inside-inner-col{flex-direction:column;}}<\/style>\n<div class=\"wp-block-kadence-column kadence-column10_9632d2-03 inner-column-1\"><div class=\"kt-inside-inner-col\"><style>.wp-block-kadence-advancedheading.kt-adv-heading10_8b1d15-d3, .wp-block-kadence-advancedheading.kt-adv-heading10_8b1d15-d3[data-kb-block=\"kb-adv-heading10_8b1d15-d3\"]{padding-top:20px;padding-bottom:20px;text-align:center;font-style:normal;}.wp-block-kadence-advancedheading.kt-adv-heading10_8b1d15-d3 mark.kt-highlight, .wp-block-kadence-advancedheading.kt-adv-heading10_8b1d15-d3[data-kb-block=\"kb-adv-heading10_8b1d15-d3\"] mark.kt-highlight{font-style:normal;color:#f76a0c;-webkit-box-decoration-break:clone;box-decoration-break:clone;padding-top:0px;padding-right:0px;padding-bottom:0px;padding-left:0px;}@media all and (max-width: 767px){.wp-block-kadence-advancedheading.kt-adv-heading10_8b1d15-d3, .wp-block-kadence-advancedheading.kt-adv-heading10_8b1d15-d3[data-kb-block=\"kb-adv-heading10_8b1d15-d3\"]{font-size:24px;}}<\/style>\n<h2 class=\"kt-adv-heading10_8b1d15-d3 wp-block-kadence-advancedheading\" data-kb-block=\"kb-adv-heading10_8b1d15-d3\">Let's get together<\/h2>\n\n\n\n<p class=\"has-text-align-center has-medium-font-size\">Would you like to plan a date with me? Feel free to send me a message via:<\/p>\n\n\n\n<p class=\"has-text-align-center has-medium-font-size\"><strong>sophia_alegria@proton.me<\/strong><br> <br>Deine Anfrage sollte den Ort, die Uhrzeit und Dauer deines gew\u00fcnschten Dates enthalten, im besten Fall auch noch ein paar Informationen \u00fcber dich und&nbsp;deine&nbsp;W\u00fcnsche.<a href=\"\"><\/a><\/p>\n\n\n\n<p class=\"has-text-align-center has-medium-font-size\">Interested in a webcam date or a phone call? Feel free to write me a mail or reach out to me via text message on my mobile number <strong>+49 176 91473500<\/strong> so we can discuss the details. <br>Unfortunately, I have to block callers without prior notice.<\/p>\n<\/div><\/div>\n\n\n<style>.kadence-column10_fa885c-b8 > .kt-inside-inner-col,.kadence-column10_fa885c-b8 > .kt-inside-inner-col:before{border-top-left-radius:0px;border-top-right-radius:0px;border-bottom-right-radius:0px;border-bottom-left-radius:0px;}.kadence-column10_fa885c-b8 > .kt-inside-inner-col{column-gap:var(--global-kb-gap-sm, 1rem);}.kadence-column10_fa885c-b8 > .kt-inside-inner-col{flex-direction:column;}.kadence-column10_fa885c-b8 > .kt-inside-inner-col > .aligncenter{width:100%;}.kadence-column10_fa885c-b8 > .kt-inside-inner-col:before{opacity:0.3;}.kadence-column10_fa885c-b8{position:relative;}@media all and (max-width: 1024px){.kadence-column10_fa885c-b8 > .kt-inside-inner-col{flex-direction:column;}}@media all and (max-width: 767px){.kadence-column10_fa885c-b8 > .kt-inside-inner-col{flex-direction:column;}}<\/style>\n<div class=\"wp-block-kadence-column kadence-column10_fa885c-b8\"><div class=\"kt-inside-inner-col\">\n<figure class=\"wp-block-image size-large has-custom-border\"><img loading=\"lazy\" decoding=\"async\" width=\"1024\" height=\"762\" src=\"http:\/\/sophia-alegria.com\/wp-content\/uploads\/2024\/11\/Kontakt-1024x762.jpg\" alt=\"\" class=\"wp-image-1638\" style=\"border-style:none;border-width:0px;border-radius:100px\" srcset=\"http:\/\/sophia-alegria.com\/wp-content\/uploads\/2024\/11\/Kontakt-1024x762.jpg 1024w, http:\/\/sophia-alegria.com\/wp-content\/uploads\/2024\/11\/Kontakt-300x223.jpg 300w, http:\/\/sophia-alegria.com\/wp-content\/uploads\/2024\/11\/Kontakt-768x572.jpg 768w, http:\/\/sophia-alegria.com\/wp-content\/uploads\/2024\/11\/Kontakt-1536x1143.jpg 1536w, http:\/\/sophia-alegria.com\/wp-content\/uploads\/2024\/11\/Kontakt-2048x1525.jpg 2048w, http:\/\/sophia-alegria.com\/wp-content\/uploads\/2024\/11\/Kontakt-16x12.jpg 16w\" sizes=\"auto, (max-width: 1024px) 100vw, 1024px\" \/><\/figure>\n<\/div><\/div>\n\n<\/div><\/div>","protected":false},"excerpt":{"rendered":"<p>Lass uns Zusammenfinden M\u00f6chtest du ein Date mit mir planen? Dann sende mir gerne eine E-Mail an: sophia_alegria@proton.me Deine Anfrage sollte den Ort, die Uhrzeit und Dauer deines gew\u00fcnschten Dates&#8230;<\/p>","protected":false},"author":1,"featured_media":0,"parent":0,"menu_order":0,"comment_status":"closed","ping_status":"closed","template":"","meta":{"_kadence_starter_templates_imported_post":true,"_kad_post_transparent":"","_kad_post_title":"hide","_kad_post_layout":"fullwidth","_kad_post_sidebar_id":"","_kad_post_content_style":"unboxed","_kad_post_vertical_padding":"hide","_kad_post_feature":"hide","_kad_post_feature_position":"","_kad_post_header":false,"_kad_post_footer":false,"footnotes":""},"class_list":["post-10","page","type-page","status-publish","hentry"],"yoast_head":"<!-- This site is optimized with the Yoast SEO plugin v24.7 - https:\/\/yoast.com\/wordpress\/plugins\/seo\/ -->\n<title>Sophia Alegria - Contact form<\/title>\n<meta name=\"description\" content=\"Looking for companionship? Use the contact form to get in touch with me - your independent escort based in Cologne - Sophia Alegria\" \/>\n<meta name=\"robots\" content=\"index, follow, max-snippet:-1, max-image-preview:large, max-video-preview:-1\" \/>\n<link rel=\"canonical\" href=\"http:\/\/sophia-alegria.com\/en\/contact\/\" \/>\n<meta property=\"og:locale\" content=\"en_GB\" \/>\n<meta property=\"og:type\" content=\"article\" \/>\n<meta property=\"og:title\" content=\"Sophia Alegria - Contact form\" \/>\n<meta property=\"og:description\" content=\"Looking for companionship? Use the contact form to get in touch with me - your independent escort based in Cologne - Sophia Alegria\" \/>\n<meta property=\"og:url\" content=\"http:\/\/sophia-alegria.com\/en\/contact\/\" \/>\n<meta property=\"article:modified_time\" content=\"2025-09-06T09:19:56+00:00\" \/>\n<meta property=\"og:image\" content=\"http:\/\/sophia-alegria.com\/wp-content\/uploads\/2024\/11\/Kontakt-1024x762.jpg\" \/>\n<meta name=\"twitter:card\" content=\"summary_large_image\" \/>\n<meta name=\"twitter:label1\" content=\"Estimated reading time\" \/>\n\t<meta name=\"twitter:data1\" content=\"1 minute\" \/>\n<script type=\"application\/ld+json\" class=\"yoast-schema-graph\">{\"@context\":\"https:\/\/schema.org\",\"@graph\":[{\"@type\":[\"WebPage\",\"ContactPage\"],\"@id\":\"http:\/\/sophia-alegria.com\/contact\/\",\"url\":\"http:\/\/sophia-alegria.com\/contact\/\",\"name\":\"Sophia Alegria - Contact form\",\"isPartOf\":{\"@id\":\"https:\/\/sophia-alegria.com\/en\/#website\"},\"primaryImageOfPage\":{\"@id\":\"http:\/\/sophia-alegria.com\/contact\/#primaryimage\"},\"image\":{\"@id\":\"http:\/\/sophia-alegria.com\/contact\/#primaryimage\"},\"thumbnailUrl\":\"http:\/\/sophia-alegria.com\/wp-content\/uploads\/2024\/11\/Kontakt-1024x762.jpg\",\"datePublished\":\"2021-11-25T15:37:11+00:00\",\"dateModified\":\"2025-09-06T09:19:56+00:00\",\"description\":\"Looking for companionship? Use the contact form to get in touch with me - your independent escort based in Cologne - Sophia Alegria\",\"breadcrumb\":{\"@id\":\"http:\/\/sophia-alegria.com\/contact\/#breadcrumb\"},\"inLanguage\":\"en-GB\",\"potentialAction\":[{\"@type\":\"ReadAction\",\"target\":[\"http:\/\/sophia-alegria.com\/contact\/\"]}]},{\"@type\":\"ImageObject\",\"inLanguage\":\"en-GB\",\"@id\":\"http:\/\/sophia-alegria.com\/contact\/#primaryimage\",\"url\":\"http:\/\/sophia-alegria.com\/wp-content\/uploads\/2024\/11\/Kontakt-1024x762.jpg\",\"contentUrl\":\"http:\/\/sophia-alegria.com\/wp-content\/uploads\/2024\/11\/Kontakt-1024x762.jpg\"},{\"@type\":\"BreadcrumbList\",\"@id\":\"http:\/\/sophia-alegria.com\/contact\/#breadcrumb\",\"itemListElement\":[{\"@type\":\"ListItem\",\"position\":1,\"name\":\"Home\",\"item\":\"https:\/\/sophia-alegria.com\/en\/\"},{\"@type\":\"ListItem\",\"position\":2,\"name\":\"KONTAKT\"}]},{\"@type\":\"WebSite\",\"@id\":\"https:\/\/sophia-alegria.com\/en\/#website\",\"url\":\"https:\/\/sophia-alegria.com\/en\/\",\"name\":\"Sophia Alegria - Independent Escort Cologne\",\"description\":\"\",\"publisher\":{\"@id\":\"https:\/\/sophia-alegria.com\/en\/#\/schema\/person\/b51a52b0fb5a748361bad6a7bc06fe46\"},\"potentialAction\":[{\"@type\":\"SearchAction\",\"target\":{\"@type\":\"EntryPoint\",\"urlTemplate\":\"https:\/\/sophia-alegria.com\/en\/?s={search_term_string}\"},\"query-input\":{\"@type\":\"PropertyValueSpecification\",\"valueRequired\":true,\"valueName\":\"search_term_string\"}}],\"inLanguage\":\"en-GB\"},{\"@type\":[\"Person\",\"Organization\"],\"@id\":\"https:\/\/sophia-alegria.com\/en\/#\/schema\/person\/b51a52b0fb5a748361bad6a7bc06fe46\",\"name\":\"Sophia Alegria\",\"image\":{\"@type\":\"ImageObject\",\"inLanguage\":\"en-GB\",\"@id\":\"https:\/\/sophia-alegria.com\/en\/#\/schema\/person\/image\/\",\"url\":\"http:\/\/sophia-alegria.com\/wp-content\/uploads\/2024\/10\/Logo-crop.png\",\"contentUrl\":\"http:\/\/sophia-alegria.com\/wp-content\/uploads\/2024\/10\/Logo-crop.png\",\"width\":697,\"height\":713,\"caption\":\"Sophia Alegria\"},\"logo\":{\"@id\":\"https:\/\/sophia-alegria.com\/en\/#\/schema\/person\/image\/\"},\"sameAs\":[\"http:\/\/sophia-alegria.com\"]}]}<\/script>\n<!-- \/ Yoast SEO plugin. -->","yoast_head_json":{"title":"Sophia Alegria - Contact form","description":"Looking for companionship? Use the contact form to get in touch with me - your independent escort based in Cologne - Sophia Alegria","robots":{"index":"index","follow":"follow","max-snippet":"max-snippet:-1","max-image-preview":"max-image-preview:large","max-video-preview":"max-video-preview:-1"},"canonical":"http:\/\/sophia-alegria.com\/en\/contact\/","og_locale":"en_GB","og_type":"article","og_title":"Sophia Alegria - Contact form","og_description":"Looking for companionship? Use the contact form to get in touch with me - your independent escort based in Cologne - Sophia Alegria","og_url":"http:\/\/sophia-alegria.com\/en\/contact\/","article_modified_time":"2025-09-06T09:19:56+00:00","og_image":[{"url":"http:\/\/sophia-alegria.com\/wp-content\/uploads\/2024\/11\/Kontakt-1024x762.jpg","type":"","width":"","height":""}],"twitter_card":"summary_large_image","twitter_misc":{"Estimated reading time":"1 minute"},"schema":{"@context":"https:\/\/schema.org","@graph":[{"@type":["WebPage","ContactPage"],"@id":"http:\/\/sophia-alegria.com\/contact\/","url":"http:\/\/sophia-alegria.com\/contact\/","name":"Sophia Alegria - Contact form","isPartOf":{"@id":"https:\/\/sophia-alegria.com\/en\/#website"},"primaryImageOfPage":{"@id":"http:\/\/sophia-alegria.com\/contact\/#primaryimage"},"image":{"@id":"http:\/\/sophia-alegria.com\/contact\/#primaryimage"},"thumbnailUrl":"http:\/\/sophia-alegria.com\/wp-content\/uploads\/2024\/11\/Kontakt-1024x762.jpg","datePublished":"2021-11-25T15:37:11+00:00","dateModified":"2025-09-06T09:19:56+00:00","description":"Looking for companionship? Use the contact form to get in touch with me - your independent escort based in Cologne - Sophia Alegria","breadcrumb":{"@id":"http:\/\/sophia-alegria.com\/contact\/#breadcrumb"},"inLanguage":"en-GB","potentialAction":[{"@type":"ReadAction","target":["http:\/\/sophia-alegria.com\/contact\/"]}]},{"@type":"ImageObject","inLanguage":"en-GB","@id":"http:\/\/sophia-alegria.com\/contact\/#primaryimage","url":"http:\/\/sophia-alegria.com\/wp-content\/uploads\/2024\/11\/Kontakt-1024x762.jpg","contentUrl":"http:\/\/sophia-alegria.com\/wp-content\/uploads\/2024\/11\/Kontakt-1024x762.jpg"},{"@type":"BreadcrumbList","@id":"http:\/\/sophia-alegria.com\/contact\/#breadcrumb","itemListElement":[{"@type":"ListItem","position":1,"name":"Home","item":"https:\/\/sophia-alegria.com\/en\/"},{"@type":"ListItem","position":2,"name":"KONTAKT"}]},{"@type":"WebSite","@id":"https:\/\/sophia-alegria.com\/en\/#website","url":"https:\/\/sophia-alegria.com\/en\/","name":"Sophia Alegria - Independent Escort Cologne","description":"","publisher":{"@id":"https:\/\/sophia-alegria.com\/en\/#\/schema\/person\/b51a52b0fb5a748361bad6a7bc06fe46"},"potentialAction":[{"@type":"SearchAction","target":{"@type":"EntryPoint","urlTemplate":"https:\/\/sophia-alegria.com\/en\/?s={search_term_string}"},"query-input":{"@type":"PropertyValueSpecification","valueRequired":true,"valueName":"search_term_string"}}],"inLanguage":"en-GB"},{"@type":["Person","Organization"],"@id":"https:\/\/sophia-alegria.com\/en\/#\/schema\/person\/b51a52b0fb5a748361bad6a7bc06fe46","name":"Sophia Alegria","image":{"@type":"ImageObject","inLanguage":"en-GB","@id":"https:\/\/sophia-alegria.com\/en\/#\/schema\/person\/image\/","url":"http:\/\/sophia-alegria.com\/wp-content\/uploads\/2024\/10\/Logo-crop.png","contentUrl":"http:\/\/sophia-alegria.com\/wp-content\/uploads\/2024\/10\/Logo-crop.png","width":697,"height":713,"caption":"Sophia Alegria"},"logo":{"@id":"https:\/\/sophia-alegria.com\/en\/#\/schema\/person\/image\/"},"sameAs":["http:\/\/sophia-alegria.com"]}]}},"_links":{"self":[{"href":"http:\/\/sophia-alegria.com\/en\/wp-json\/wp\/v2\/pages\/10","targetHints":{"allow":["GET"]}}],"collection":[{"href":"http:\/\/sophia-alegria.com\/en\/wp-json\/wp\/v2\/pages"}],"about":[{"href":"http:\/\/sophia-alegria.com\/en\/wp-json\/wp\/v2\/types\/page"}],"author":[{"embeddable":true,"href":"http:\/\/sophia-alegria.com\/en\/wp-json\/wp\/v2\/users\/1"}],"replies":[{"embeddable":true,"href":"http:\/\/sophia-alegria.com\/en\/wp-json\/wp\/v2\/comments?post=10"}],"version-history":[{"count":14,"href":"http:\/\/sophia-alegria.com\/en\/wp-json\/wp\/v2\/pages\/10\/revisions"}],"predecessor-version":[{"id":1878,"href":"http:\/\/sophia-alegria.com\/en\/wp-json\/wp\/v2\/pages\/10\/revisions\/1878"}],"wp:attachment":[{"href":"http:\/\/sophia-alegria.com\/en\/wp-json\/wp\/v2\/media?parent=10"}],"curies":[{"name":"wp","href":"https:\/\/api.w.org\/{rel}","templated":true}]}}